{"id":140,"date":"2020-11-22T07:41:16","date_gmt":"2020-11-22T06:41:16","guid":{"rendered":"http:\/\/www.ana-communication.com\/?page_id=140"},"modified":"2025-05-22T18:14:04","modified_gmt":"2025-05-22T16:14:04","slug":"about","status":"publish","type":"page","link":"https:\/\/www.ana-communication.com\/?page_id=140","title":{"rendered":"About"},"content":{"rendered":"\t\t<div data-elementor-type=\"wp-page\" data-elementor-id=\"140\" class=\"elementor elementor-140\">\n\t\t\t\t<div class=\"aux-parallax-section elementor-element elementor-element-2364365 e-flex e-con-boxed e-con e-parent\" data-id=\"2364365\" data-element_type=\"container\">\n\t\t\t\t\t<div class=\"e-con-inner\">\n\t\t<div class=\"elementor-element elementor-element-343e2a0 e-con-full e-flex e-con e-child\" data-id=\"343e2a0\" data-element_type=\"container\">\n\t\t\t\t<div class=\"elementor-element elementor-element-8ae2c33 aux-appear-watch-animation aux-fade-in-up-1 elementor-widget__width-inherit elementor-widget elementor-widget-aux_modern_heading\" data-id=\"8ae2c33\" data-element_type=\"widget\" data-widget_type=\"aux_modern_heading.default\">\n\t\t\t\t<div class=\"elementor-widget-container\">\n\t\t\t\t\t<section class=\"aux-widget-modern-heading\">\n            <div class=\"aux-widget-inner\"><h5 class=\"aux-modern-heading-primary\">Pourquoi nous choisir ?<\/h5><h2 class=\"aux-modern-heading-secondary\"><span class=\"aux-head-before\">Du digital qui vous ressemble<\/span><\/h2><div class=\"aux-modern-heading-description\"><p>Chez <strong data-start=\"256\" data-end=\"277\">Ana Communication<\/strong>, nous sommes des g\u00e9n\u00e9rateurs d'id\u00e9es, des chercheurs d'objectifs, des professionnels avides de d\u00e9fis, des cr\u00e9ateurs de projets Internet uniques. Nous proposons des solutions non conventionnelles pour r\u00e9pondre \u00e0 vos besoins sp\u00e9cifiques.<\/p><\/div><\/div>\n        <\/section>\t\t\t\t<\/div>\n\t\t\t\t<\/div>\n\t\t\t\t<div class=\"elementor-element elementor-element-00966d7 elementor-widget__width-auto aux-appear-watch-animation aux-scale-down elementor-widget elementor-widget-aux_text\" data-id=\"00966d7\" data-element_type=\"widget\" data-widget_type=\"aux_text.default\">\n\t\t\t\t<div class=\"elementor-widget-container\">\n\t\t\t\t\t<section class=\"widget-container aux-widget-text aux-parent-au385cfab9\">        <div class=\"aux-widget-advanced-text aux-wrap-style-simple aux-ico-pos-top aux-text-left aux-text-resp- aux-text-color-dark aux-text-widget-bg-center  \" >\n        \n                            <div class=\"aux-text-widget-header \"  >\n                        <div class=\"aux-ico-box aux-ico-large aux-ico-clear \">\n                                                                <svg xmlns=\"http:\/\/www.w3.org\/2000\/svg\" width=\"33.047\" height=\"20.992\" viewBox=\"0 0 33.047 20.992\"><path d=\"M3.172,61.291q.627.358,3.78,2.125t4.832,2.721q.184.1.784.455t1,.567q.4.216.959.484a6.248,6.248,0,0,0,1.06.4,3.549,3.549,0,0,0,.922.134h.037a3.552,3.552,0,0,0,.922-.134,6.254,6.254,0,0,0,1.06-.4q.562-.269.959-.484t1-.567q.6-.351.784-.455,1.7-.954,8.631-4.846a8.118,8.118,0,0,0,2.25-1.834,3.453,3.453,0,0,0,.9-2.251,2.1,2.1,0,0,0-.876-1.685,3.22,3.22,0,0,0-2.075-.7H2.951A2.935,2.935,0,0,0,.765,55.6,2.648,2.648,0,0,0,0,57.533a3.142,3.142,0,0,0,1.014,2.035A8.556,8.556,0,0,0,3.172,61.291Z\" transform=\"translate(0 -54.82)\" fill=\"#fff\" \/><path d=\"M31.2,185.734q-6.048,3.31-9.184,5.144-1.051.626-1.706.976a11.636,11.636,0,0,1-1.743.716,6.388,6.388,0,0,1-2.028.365h-.037a6.391,6.391,0,0,1-2.029-.365,11.642,11.642,0,0,1-1.743-.716q-.654-.35-1.706-.976-2.49-1.476-9.165-5.144A9.5,9.5,0,0,1,0,184.437v11.837a2.1,2.1,0,0,0,.867,1.685,3.21,3.21,0,0,0,2.084.7H30.1a3.21,3.21,0,0,0,2.084-.7,2.1,2.1,0,0,0,.867-1.685V184.437A9.863,9.863,0,0,1,31.2,185.734Z\" transform=\"translate(0 -177.668)\" fill=\"#fff\" \/><\/svg>\r\n                                                    <\/div>\n                <\/div>\n            \n            <div class=\"aux-text-inner aux-text-widget-content\">\n                                <h4 class=\"col-title\">Design minimaliste<\/h4>\n                                <div class=\"widget-content\">\n                                        <p>Nous croyons en la puissance de la simplicit\u00e9. Un design \u00e9pur\u00e9 met en valeur votre message et facilite la navigation pour vos utilisateurs.<\/p>                <\/div>\n                            <\/div>\n        <\/div>\n                    <div class=\"aux-text-widget-footer\">\n                <div class=\"aux-border-shape-none \">\n                                <\/div>\n            <\/div>\n        \n<\/section><!-- widget-container -->\t\t\t\t<\/div>\n\t\t\t\t<\/div>\n\t\t\t\t<div class=\"elementor-element elementor-element-86ba2c4 elementor-widget__width-auto aux-appear-watch-animation aux-scale-down elementor-widget elementor-widget-aux_text\" data-id=\"86ba2c4\" data-element_type=\"widget\" data-widget_type=\"aux_text.default\">\n\t\t\t\t<div class=\"elementor-widget-container\">\n\t\t\t\t\t<section class=\"widget-container aux-widget-text aux-parent-aufad41f5d\">        <div class=\"aux-widget-advanced-text aux-wrap-style-simple aux-ico-pos-top aux-text-left aux-text-resp- aux-text-color-dark aux-text-widget-bg-center  \" >\n        \n                            <div class=\"aux-text-widget-header \"  >\n                        <div class=\"aux-ico-box aux-ico-large aux-ico-clear \">\n                                                                <svg xmlns=\"http:\/\/www.w3.org\/2000\/svg\" width=\"26.536\" height=\"30.733\" viewBox=\"0 0 26.536 30.733\"><g transform=\"translate(3.075)\"><g transform=\"translate(0)\"><path d=\"M88.458,5.185V4.148a4.184,4.184,0,0,0-8.368.036v1a10.217,10.217,0,0,0-6.008,9.3v3.4H94.466V14.662A10.553,10.553,0,0,0,88.458,5.185Z\" transform=\"translate(-74.082)\" fill=\"#fff\" \/><\/g><\/g><g transform=\"translate(0 19.668)\"><g transform=\"translate(0)\"><path d=\"M54.475,281.6H32.16a6.97,6.97,0,0,0-2.11,5.042v.858a1.152,1.152,0,0,0,1.144,1.144h7.081a5.17,5.17,0,0,0,10.085,0H55.44a1.152,1.152,0,0,0,1.144-1.144v-.858A6.832,6.832,0,0,0,54.475,281.6Z\" transform=\"translate(-30.05 -281.6)\" fill=\"#fff\" \/><\/g><\/g><\/svg>                                                    <\/div>\n                <\/div>\n            \n            <div class=\"aux-text-inner aux-text-widget-content\">\n                                <h4 class=\"col-title\">Technologie<\/h4>\n                                <div class=\"widget-content\">\n                                        <p>Nous utilisons les meilleures technologies et pratiques du secteur pour garantir des r\u00e9sultats de haute qualit\u00e9.<\/p>                <\/div>\n                            <\/div>\n        <\/div>\n                    <div class=\"aux-text-widget-footer\">\n                <div class=\"aux-border-shape-none \">\n                                <\/div>\n            <\/div>\n        \n<\/section><!-- widget-container -->\t\t\t\t<\/div>\n\t\t\t\t<\/div>\n\t\t\t\t<\/div>\n\t\t<div class=\"elementor-element elementor-element-9c795e1 e-con-full e-flex e-con e-child\" data-id=\"9c795e1\" data-element_type=\"container\">\n\t\t\t\t<div class=\"elementor-element elementor-element-c9e103a elementor-widget__width-auto elementor-hidden-phone aux-appear-watch-animation aux-slide-from-top elementor-widget elementor-widget-aux_image\" data-id=\"c9e103a\" data-element_type=\"widget\" data-widget_type=\"aux_image.default\">\n\t\t\t\t<div class=\"elementor-widget-container\">\n\t\t\t\t\t<section class=\"widget-container aux-widget-image aux-alignnone aux-parent-au08a5e4b5\">\n    <div class=\"aux-media-hint-frame \">\n        <div class=\"aux-media-image \" >\n        \n            \n\n            \n            <img decoding=\"async\" width=\"244\" height=\"89\" src=\"https:\/\/www.ana-communication.com\/wp-content\/uploads\/2020\/11\/Group-29.png\" class=\"aux-attachment aux-featured-image aux-attachment-id-91\" alt=\"demo-attachment-342-Group-29\" data-ratio=\"2.74\" data-original-w=\"244\" \/>            \n                <\/div>\n    <\/div>\n\n<\/section><!-- widget-container -->\t\t\t\t<\/div>\n\t\t\t\t<\/div>\n\t\t\t\t<div class=\"aux-scroll-anim elementor-element elementor-element-bc880ee aux-appear-watch-animation aux-fade-in-left-1 elementor-widget elementor-widget-aux_image\" data-move-in=\"\" data-move-out=\"moveHorizontal\" data-axis-x=\"-20\" data-axis-y=\"200\" data-rotate=\"90\" data-scale=\"1\" data-vp-top=\"0.5\" data-vp-bot=\"0.5\" data-el-top=\"0.2\" data-scroll-animation-off=\"1024\" data-id=\"bc880ee\" data-element_type=\"widget\" data-widget_type=\"aux_image.default\">\n\t\t\t\t<div class=\"elementor-widget-container\">\n\t\t\t\t\t<section class=\"widget-container aux-widget-image aux-alignnone aux-parent-aud5e82e9f\">\n    <div class=\"aux-media-hint-frame \">\n        <div class=\"aux-media-image \" >\n        \n            \n\n            \n            <img fetchpriority=\"high\" decoding=\"async\" width=\"2560\" height=\"1708\" src=\"https:\/\/www.ana-communication.com\/wp-content\/uploads\/2025\/05\/pexels-mikael-blomkvist-6476257-scaled.jpg\" class=\"aux-attachment aux-featured-image aux-attachment-id-205\" alt=\"pexels-mikael-blomkvist-6476257\" data-ratio=\"1.5\" data-original-w=\"2560\" \/>            \n                <\/div>\n    <\/div>\n\n<\/section><!-- widget-container -->\t\t\t\t<\/div>\n\t\t\t\t<\/div>\n\t\t\t\t<div class=\"aux-scroll-anim elementor-element elementor-element-06fe14a elementor-widget__width-auto elementor-hidden-phone aux-appear-watch-animation aux-fade-in elementor-widget elementor-widget-aux_image\" data-move-in=\"slideTop\" data-move-out=\"\" data-axis-x=\"200\" data-axis-y=\"200\" data-rotate=\"90\" data-scale=\"1\" data-vp-top=\"0.5\" data-vp-bot=\"0.5\" data-el-top=\"0.2\" data-scroll-animation-off=\"1024\" data-id=\"06fe14a\" data-element_type=\"widget\" data-widget_type=\"aux_image.default\">\n\t\t\t\t<div class=\"elementor-widget-container\">\n\t\t\t\t\t<section class=\"widget-container aux-widget-image aux-alignnone aux-parent-au3a42a2a4\">\n    <div class=\"aux-media-hint-frame \">\n        <div class=\"aux-media-image \" >\n        \n            \n\n            \n            <img decoding=\"async\" width=\"84\" height=\"129\" src=\"https:\/\/www.ana-communication.com\/wp-content\/uploads\/2020\/11\/Group-9279.png\" class=\"aux-attachment aux-featured-image aux-attachment-id-96\" alt=\"demo-attachment-264-Group-9279\" data-ratio=\"0.65\" data-original-w=\"84\" \/>            \n                <\/div>\n    <\/div>\n\n<\/section><!-- widget-container -->\t\t\t\t<\/div>\n\t\t\t\t<\/div>\n\t\t\t\t<div class=\"aux-scroll-anim elementor-element elementor-element-85094e7 aux-appear-watch-animation aux-fade-in-right-1 elementor-widget elementor-widget-aux_image\" data-move-in=\"\" data-move-out=\"moveHorizontal\" data-axis-x=\"20\" data-axis-y=\"\" data-rotate=\"90\" data-scale=\"1\" data-vp-top=\"0.5\" data-vp-bot=\"0.5\" data-el-top=\"0.2\" data-scroll-animation-off=\"1024\" data-id=\"85094e7\" data-element_type=\"widget\" data-widget_type=\"aux_image.default\">\n\t\t\t\t<div class=\"elementor-widget-container\">\n\t\t\t\t\t<section class=\"widget-container aux-widget-image aux-alignnone aux-parent-au9d51cfcc\">\n    <div class=\"aux-media-hint-frame \">\n        <div class=\"aux-media-image \" >\n        \n            \n\n            \n            <img loading=\"lazy\" decoding=\"async\" width=\"792\" height=\"330\" src=\"https:\/\/www.ana-communication.com\/wp-content\/uploads\/2020\/11\/873.jpg\" class=\"aux-attachment aux-featured-image aux-attachment-id-82\" alt=\"demo-attachment-2248-873\" data-ratio=\"2.4\" data-original-w=\"792\" \/>            \n                <\/div>\n    <\/div>\n\n<\/section><!-- widget-container -->\t\t\t\t<\/div>\n\t\t\t\t<\/div>\n\t\t\t\t<\/div>\n\t\t\t\t\t<\/div>\n\t\t\t\t<\/div>\n\t\t\t\t<\/div>\n\t\t","protected":false},"excerpt":{"rendered":"<p>Pourquoi nous choisir ? Du digital qui vous ressemble Chez Ana Communication, nous sommes des g\u00e9n\u00e9rateurs d&#8217;id\u00e9es, des chercheurs d&#8217;objectifs, des professionnels avides de d\u00e9fis, des cr\u00e9ateurs de projets Internet uniques. Nous proposons des solutions non conventionnelles pour r\u00e9pondre \u00e0 vos besoins sp\u00e9cifiques. Design minimaliste Nous croyons en la puissance de la simplicit\u00e9. Un design [&hellip;]<\/p>\n","protected":false},"author":1,"featured_media":0,"parent":0,"menu_order":0,"comment_status":"closed","ping_status":"closed","template":"templates\/page-builder-content.php","meta":{"footnotes":""},"class_list":["post-140","page","type-page","status-publish","hentry"],"_links":{"self":[{"href":"https:\/\/www.ana-communication.com\/index.php?rest_route=\/wp\/v2\/pages\/140","targetHints":{"allow":["GET"]}}],"collection":[{"href":"https:\/\/www.ana-communication.com\/index.php?rest_route=\/wp\/v2\/pages"}],"about":[{"href":"https:\/\/www.ana-communication.com\/index.php?rest_route=\/wp\/v2\/types\/page"}],"author":[{"embeddable":true,"href":"https:\/\/www.ana-communication.com\/index.php?rest_route=\/wp\/v2\/users\/1"}],"replies":[{"embeddable":true,"href":"https:\/\/www.ana-communication.com\/index.php?rest_route=%2Fwp%2Fv2%2Fcomments&post=140"}],"version-history":[{"count":6,"href":"https:\/\/www.ana-communication.com\/index.php?rest_route=\/wp\/v2\/pages\/140\/revisions"}],"predecessor-version":[{"id":237,"href":"https:\/\/www.ana-communication.com\/index.php?rest_route=\/wp\/v2\/pages\/140\/revisions\/237"}],"wp:attachment":[{"href":"https:\/\/www.ana-communication.com\/index.php?rest_route=%2Fwp%2Fv2%2Fmedia&parent=140"}],"curies":[{"name":"wp","href":"https:\/\/api.w.org\/{rel}","templated":true}]}}